{"id":5784,"date":"2026-02-10T08:17:00","date_gmt":"2026-02-10T07:17:00","guid":{"rendered":"https:\/\/ets-pic.eu\/?page_id=5784"},"modified":"2026-02-10T08:22:19","modified_gmt":"2026-02-10T07:22:19","slug":"telescopique","status":"publish","type":"page","link":"https:\/\/ets-pic.eu\/index.php\/telescopique\/","title":{"rendered":"TELESCOPIQUE"},"content":{"rendered":"\t\t<div data-elementor-type=\"wp-page\" data-elementor-id=\"5784\" class=\"elementor elementor-5784\" data-elementor-post-type=\"page\">\n\t\t\t\t<div class=\"elementor-element elementor-element-bdd09be e-con-full e-flex e-con e-child\" data-id=\"bdd09be\" data-element_type=\"container\" data-e-type=\"container\" data-settings=\"{&quot;background_background&quot;:&quot;gradient&quot;}\">\n\t\t\t\t<div class=\"elementor-element elementor-element-970f848 elementor-widget elementor-widget-heading\" data-id=\"970f848\" data-element_type=\"widget\" data-e-type=\"widget\" data-widget_type=\"heading.default\">\n\t\t\t\t<div class=\"elementor-widget-container\">\n\t\t\t\t\t<h2 class=\"elementor-heading-title elementor-size-default\">MANITOU MT1840A<\/h2>\t\t\t\t<\/div>\n\t\t\t\t<\/div>\n\t\t\t\t<div class=\"elementor-element elementor-element-1fce424 elementor-widget elementor-widget-text-editor\" data-id=\"1fce424\" data-element_type=\"widget\" data-e-type=\"widget\" data-widget_type=\"text-editor.default\">\n\t\t\t\t<div class=\"elementor-widget-container\">\n\t\t\t\t\t\t\t\t\t<p>Num\u00e9ro de s\u00e9rie 904556<\/p>\t\t\t\t\t\t\t\t<\/div>\n\t\t\t\t<\/div>\n\t\t\t\t<div class=\"elementor-element elementor-element-6835bcc elementor-icon-list--layout-traditional elementor-list-item-link-full_width elementor-widget elementor-widget-icon-list\" data-id=\"6835bcc\" data-element_type=\"widget\" data-e-type=\"widget\" data-widget_type=\"icon-list.default\">\n\t\t\t\t<div class=\"elementor-widget-container\">\n\t\t\t\t\t\t\t<ul class=\"elementor-icon-list-items\">\n\t\t\t\t\t\t\t<li class=\"elementor-icon-list-item\">\n\t\t\t\t\t\t\t\t\t\t\t<span class=\"elementor-icon-list-icon\">\n\t\t\t\t\t\t\t<svg aria-hidden=\"true\" class=\"e-font-icon-svg e-far-calendar-alt\" viewBox=\"0 0 448 512\" xmlns=\"http:\/\/www.w3.org\/2000\/svg\"><path d=\"M148 288h-40c-6.6 0-12-5.4-12-12v-40c0-6.6 5.4-12 12-12h40c6.6 0 12 5.4 12 12v40c0 6.6-5.4 12-12 12zm108-12v-40c0-6.6-5.4-12-12-12h-40c-6.6 0-12 5.4-12 12v40c0 6.6 5.4 12 12 12h40c6.6 0 12-5.4 12-12zm96 0v-40c0-6.6-5.4-12-12-12h-40c-6.6 0-12 5.4-12 12v40c0 6.6 5.4 12 12 12h40c6.6 0 12-5.4 12-12zm-96 96v-40c0-6.6-5.4-12-12-12h-40c-6.6 0-12 5.4-12 12v40c0 6.6 5.4 12 12 12h40c6.6 0 12-5.4 12-12zm-96 0v-40c0-6.6-5.4-12-12-12h-40c-6.6 0-12 5.4-12 12v40c0 6.6 5.4 12 12 12h40c6.6 0 12-5.4 12-12zm192 0v-40c0-6.6-5.4-12-12-12h-40c-6.6 0-12 5.4-12 12v40c0 6.6 5.4 12 12 12h40c6.6 0 12-5.4 12-12zm96-260v352c0 26.5-21.5 48-48 48H48c-26.5 0-48-21.5-48-48V112c0-26.5 21.5-48 48-48h48V12c0-6.6 5.4-12 12-12h40c6.6 0 12 5.4 12 12v52h128V12c0-6.6 5.4-12 12-12h40c6.6 0 12 5.4 12 12v52h48c26.5 0 48 21.5 48 48zm-48 346V160H48v298c0 3.3 2.7 6 6 6h340c3.3 0 6-2.7 6-6z\"><\/path><\/svg>\t\t\t\t\t\t<\/span>\n\t\t\t\t\t\t\t\t\t\t<span class=\"elementor-icon-list-text\">2012<\/span>\n\t\t\t\t\t\t\t\t\t<\/li>\n\t\t\t\t\t\t\t\t<li class=\"elementor-icon-list-item\">\n\t\t\t\t\t\t\t\t\t\t\t<span class=\"elementor-icon-list-icon\">\n\t\t\t\t\t\t\t<svg aria-hidden=\"true\" class=\"e-font-icon-svg e-far-clock\" viewBox=\"0 0 512 512\" xmlns=\"http:\/\/www.w3.org\/2000\/svg\"><path d=\"M256 8C119 8 8 119 8 256s111 248 248 248 248-111 248-248S393 8 256 8zm0 448c-110.5 0-200-89.5-200-200S145.5 56 256 56s200 89.5 200 200-89.5 200-200 200zm61.8-104.4l-84.9-61.7c-3.1-2.3-4.9-5.9-4.9-9.7V116c0-6.6 5.4-12 12-12h32c6.6 0 12 5.4 12 12v141.7l66.8 48.6c5.4 3.9 6.5 11.4 2.6 16.8L334.6 349c-3.9 5.3-11.4 6.5-16.8 2.6z\"><\/path><\/svg>\t\t\t\t\t\t<\/span>\n\t\t\t\t\t\t\t\t\t\t<span class=\"elementor-icon-list-text\">3068<\/span>\n\t\t\t\t\t\t\t\t\t<\/li>\n\t\t\t\t\t\t\t\t<li class=\"elementor-icon-list-item\">\n\t\t\t\t\t\t\t\t\t\t\t<span class=\"elementor-icon-list-icon\">\n\t\t\t\t\t\t\t<svg aria-hidden=\"true\" class=\"e-font-icon-svg e-fas-cog\" viewBox=\"0 0 512 512\" xmlns=\"http:\/\/www.w3.org\/2000\/svg\"><path d=\"M487.4 315.7l-42.6-24.6c4.3-23.2 4.3-47 0-70.2l42.6-24.6c4.9-2.8 7.1-8.6 5.5-14-11.1-35.6-30-67.8-54.7-94.6-3.8-4.1-10-5.1-14.8-2.3L380.8 110c-17.9-15.4-38.5-27.3-60.8-35.1V25.8c0-5.6-3.9-10.5-9.4-11.7-36.7-8.2-74.3-7.8-109.2 0-5.5 1.2-9.4 6.1-9.4 11.7V75c-22.2 7.9-42.8 19.8-60.8 35.1L88.7 85.5c-4.9-2.8-11-1.9-14.8 2.3-24.7 26.7-43.6 58.9-54.7 94.6-1.7 5.4.6 11.2 5.5 14L67.3 221c-4.3 23.2-4.3 47 0 70.2l-42.6 24.6c-4.9 2.8-7.1 8.6-5.5 14 11.1 35.6 30 67.8 54.7 94.6 3.8 4.1 10 5.1 14.8 2.3l42.6-24.6c17.9 15.4 38.5 27.3 60.8 35.1v49.2c0 5.6 3.9 10.5 9.4 11.7 36.7 8.2 74.3 7.8 109.2 0 5.5-1.2 9.4-6.1 9.4-11.7v-49.2c22.2-7.9 42.8-19.8 60.8-35.1l42.6 24.6c4.9 2.8 11 1.9 14.8-2.3 24.7-26.7 43.6-58.9 54.7-94.6 1.5-5.5-.7-11.3-5.6-14.1zM256 336c-44.1 0-80-35.9-80-80s35.9-80 80-80 80 35.9 80 80-35.9 80-80 80z\"><\/path><\/svg>\t\t\t\t\t\t<\/span>\n\t\t\t\t\t\t\t\t\t\t<span class=\"elementor-icon-list-text\">Sans \u00e9quipement<\/span>\n\t\t\t\t\t\t\t\t\t<\/li>\n\t\t\t\t\t\t\t\t<li class=\"elementor-icon-list-item\">\n\t\t\t\t\t\t\t\t\t\t\t<span class=\"elementor-icon-list-icon\">\n\t\t\t\t\t\t\t<svg aria-hidden=\"true\" class=\"e-font-icon-svg e-fas-map-marker-alt\" viewBox=\"0 0 384 512\" xmlns=\"http:\/\/www.w3.org\/2000\/svg\"><path d=\"M172.268 501.67C26.97 291.031 0 269.413 0 192 0 85.961 85.961 0 192 0s192 85.961 192 192c0 77.413-26.97 99.031-172.268 309.67-9.535 13.774-29.93 13.773-39.464 0zM192 272c44.183 0 80-35.817 80-80s-35.817-80-80-80-80 35.817-80 80 35.817 80 80 80z\"><\/path><\/svg>\t\t\t\t\t\t<\/span>\n\t\t\t\t\t\t\t\t\t\t<span class=\"elementor-icon-list-text\">A VENIR<\/span>\n\t\t\t\t\t\t\t\t\t<\/li>\n\t\t\t\t\t\t<\/ul>\n\t\t\t\t\t\t<\/div>\n\t\t\t\t<\/div>\n\t\t\t\t<div class=\"elementor-element elementor-element-279379c elementor-align-center elementor-widget elementor-widget-button\" data-id=\"279379c\" data-element_type=\"widget\" data-e-type=\"widget\" data-widget_type=\"button.default\">\n\t\t\t\t<div class=\"elementor-widget-container\">\n\t\t\t\t\t\t\t\t\t<div class=\"elementor-button-wrapper\">\n\t\t\t\t\t<a class=\"elementor-button elementor-button-link elementor-size-sm elementor-animation-grow\" href=\"https:\/\/ets-pic.eu\/index.php\/nous-contacter\/\">\n\t\t\t\t\t\t<span class=\"elementor-button-content-wrapper\">\n\t\t\t\t\t\t\t\t\t<span class=\"elementor-button-text\">NOUS CONTACTER<\/span>\n\t\t\t\t\t<\/span>\n\t\t\t\t\t<\/a>\n\t\t\t\t<\/div>\n\t\t\t\t\t\t\t\t<\/div>\n\t\t\t\t<\/div>\n\t\t\t\t<\/div>\n\t\t\t\t<\/div>\n\t\t","protected":false},"excerpt":{"rendered":"<p>MANITOU MT1840A Num\u00e9ro de s\u00e9rie 904556 2012 3068 Sans \u00e9quipement A VENIR NOUS CONTACTER<\/p>\n","protected":false},"author":1,"featured_media":0,"parent":0,"menu_order":0,"comment_status":"closed","ping_status":"closed","template":"","meta":{"footnotes":""},"class_list":["post-5784","page","type-page","status-publish","hentry","entry"],"yoast_head":"<!-- This site is optimized with the Yoast SEO plugin v27.0 - https:\/\/yoast.com\/product\/yoast-seo-wordpress\/ -->\n<title>TELESCOPIQUE - ETS PIC<\/title>\n<meta name=\"robots\" content=\"index, follow, max-snippet:-1, max-image-preview:large, max-video-preview:-1\" \/>\n<link rel=\"canonical\" href=\"https:\/\/ets-pic.eu\/index.php\/telescopique\/\" \/>\n<meta property=\"og:locale\" content=\"fr_FR\" \/>\n<meta property=\"og:type\" content=\"article\" \/>\n<meta property=\"og:title\" content=\"TELESCOPIQUE - ETS PIC\" \/>\n<meta property=\"og:description\" content=\"MANITOU MT1840A Num\u00e9ro de s\u00e9rie 904556 2012 3068 Sans \u00e9quipement A VENIR NOUS CONTACTER\" \/>\n<meta property=\"og:url\" content=\"https:\/\/ets-pic.eu\/index.php\/telescopique\/\" \/>\n<meta property=\"og:site_name\" content=\"ETS PIC\" \/>\n<meta property=\"article:publisher\" content=\"https:\/\/www.facebook.com\/p\/tablissements-PIC-100083289425090\/\" \/>\n<meta property=\"article:modified_time\" content=\"2026-02-10T07:22:19+00:00\" \/>\n<meta name=\"twitter:card\" content=\"summary_large_image\" \/>\n<meta name=\"twitter:label1\" content=\"Dur\u00e9e de lecture estim\u00e9e\" \/>\n\t<meta name=\"twitter:data1\" content=\"1 minute\" \/>\n<script type=\"application\/ld+json\" class=\"yoast-schema-graph\">{\"@context\":\"https:\/\/schema.org\",\"@graph\":[{\"@type\":\"WebPage\",\"@id\":\"https:\/\/ets-pic.eu\/index.php\/telescopique\/\",\"url\":\"https:\/\/ets-pic.eu\/index.php\/telescopique\/\",\"name\":\"TELESCOPIQUE - ETS PIC\",\"isPartOf\":{\"@id\":\"https:\/\/ets-pic.eu\/#website\"},\"datePublished\":\"2026-02-10T07:17:00+00:00\",\"dateModified\":\"2026-02-10T07:22:19+00:00\",\"breadcrumb\":{\"@id\":\"https:\/\/ets-pic.eu\/index.php\/telescopique\/#breadcrumb\"},\"inLanguage\":\"fr-FR\",\"potentialAction\":[{\"@type\":\"ReadAction\",\"target\":[\"https:\/\/ets-pic.eu\/index.php\/telescopique\/\"]}]},{\"@type\":\"BreadcrumbList\",\"@id\":\"https:\/\/ets-pic.eu\/index.php\/telescopique\/#breadcrumb\",\"itemListElement\":[{\"@type\":\"ListItem\",\"position\":1,\"name\":\"Accueil\",\"item\":\"https:\/\/ets-pic.eu\/\"},{\"@type\":\"ListItem\",\"position\":2,\"name\":\"TELESCOPIQUE\"}]},{\"@type\":\"WebSite\",\"@id\":\"https:\/\/ets-pic.eu\/#website\",\"url\":\"https:\/\/ets-pic.eu\/\",\"name\":\"ETS PIC\",\"description\":\"Un site utilisant WordPress\",\"publisher\":{\"@id\":\"https:\/\/ets-pic.eu\/#organization\"},\"potentialAction\":[{\"@type\":\"SearchAction\",\"target\":{\"@type\":\"EntryPoint\",\"urlTemplate\":\"https:\/\/ets-pic.eu\/?s={search_term_string}\"},\"query-input\":{\"@type\":\"PropertyValueSpecification\",\"valueRequired\":true,\"valueName\":\"search_term_string\"}}],\"inLanguage\":\"fr-FR\"},{\"@type\":\"Organization\",\"@id\":\"https:\/\/ets-pic.eu\/#organization\",\"name\":\"ETS PIC\",\"url\":\"https:\/\/ets-pic.eu\/\",\"logo\":{\"@type\":\"ImageObject\",\"inLanguage\":\"fr-FR\",\"@id\":\"https:\/\/ets-pic.eu\/#\/schema\/logo\/image\/\",\"url\":\"https:\/\/ets-pic.eu\/wp-content\/uploads\/2024\/11\/cropped-cropped-cartes-visite-pic-2-vmake.png\",\"contentUrl\":\"https:\/\/ets-pic.eu\/wp-content\/uploads\/2024\/11\/cropped-cropped-cartes-visite-pic-2-vmake.png\",\"width\":540,\"height\":210,\"caption\":\"ETS PIC\"},\"image\":{\"@id\":\"https:\/\/ets-pic.eu\/#\/schema\/logo\/image\/\"},\"sameAs\":[\"https:\/\/www.facebook.com\/p\/tablissements-PIC-100083289425090\/\",\"https:\/\/www.instagram.com\/etspic83\/?hl=fr\",\"https:\/\/www.linkedin.com\/in\/etablissements-pic-4712431bb\/?originalSubdomain=fr\"]}]}<\/script>\n<!-- \/ Yoast SEO plugin. -->","yoast_head_json":{"title":"TELESCOPIQUE - ETS PIC","robots":{"index":"index","follow":"follow","max-snippet":"max-snippet:-1","max-image-preview":"max-image-preview:large","max-video-preview":"max-video-preview:-1"},"canonical":"https:\/\/ets-pic.eu\/index.php\/telescopique\/","og_locale":"fr_FR","og_type":"article","og_title":"TELESCOPIQUE - ETS PIC","og_description":"MANITOU MT1840A Num\u00e9ro de s\u00e9rie 904556 2012 3068 Sans \u00e9quipement A VENIR NOUS CONTACTER","og_url":"https:\/\/ets-pic.eu\/index.php\/telescopique\/","og_site_name":"ETS PIC","article_publisher":"https:\/\/www.facebook.com\/p\/tablissements-PIC-100083289425090\/","article_modified_time":"2026-02-10T07:22:19+00:00","twitter_card":"summary_large_image","twitter_misc":{"Dur\u00e9e de lecture estim\u00e9e":"1 minute"},"schema":{"@context":"https:\/\/schema.org","@graph":[{"@type":"WebPage","@id":"https:\/\/ets-pic.eu\/index.php\/telescopique\/","url":"https:\/\/ets-pic.eu\/index.php\/telescopique\/","name":"TELESCOPIQUE - ETS PIC","isPartOf":{"@id":"https:\/\/ets-pic.eu\/#website"},"datePublished":"2026-02-10T07:17:00+00:00","dateModified":"2026-02-10T07:22:19+00:00","breadcrumb":{"@id":"https:\/\/ets-pic.eu\/index.php\/telescopique\/#breadcrumb"},"inLanguage":"fr-FR","potentialAction":[{"@type":"ReadAction","target":["https:\/\/ets-pic.eu\/index.php\/telescopique\/"]}]},{"@type":"BreadcrumbList","@id":"https:\/\/ets-pic.eu\/index.php\/telescopique\/#breadcrumb","itemListElement":[{"@type":"ListItem","position":1,"name":"Accueil","item":"https:\/\/ets-pic.eu\/"},{"@type":"ListItem","position":2,"name":"TELESCOPIQUE"}]},{"@type":"WebSite","@id":"https:\/\/ets-pic.eu\/#website","url":"https:\/\/ets-pic.eu\/","name":"ETS PIC","description":"Un site utilisant WordPress","publisher":{"@id":"https:\/\/ets-pic.eu\/#organization"},"potentialAction":[{"@type":"SearchAction","target":{"@type":"EntryPoint","urlTemplate":"https:\/\/ets-pic.eu\/?s={search_term_string}"},"query-input":{"@type":"PropertyValueSpecification","valueRequired":true,"valueName":"search_term_string"}}],"inLanguage":"fr-FR"},{"@type":"Organization","@id":"https:\/\/ets-pic.eu\/#organization","name":"ETS PIC","url":"https:\/\/ets-pic.eu\/","logo":{"@type":"ImageObject","inLanguage":"fr-FR","@id":"https:\/\/ets-pic.eu\/#\/schema\/logo\/image\/","url":"https:\/\/ets-pic.eu\/wp-content\/uploads\/2024\/11\/cropped-cropped-cartes-visite-pic-2-vmake.png","contentUrl":"https:\/\/ets-pic.eu\/wp-content\/uploads\/2024\/11\/cropped-cropped-cartes-visite-pic-2-vmake.png","width":540,"height":210,"caption":"ETS PIC"},"image":{"@id":"https:\/\/ets-pic.eu\/#\/schema\/logo\/image\/"},"sameAs":["https:\/\/www.facebook.com\/p\/tablissements-PIC-100083289425090\/","https:\/\/www.instagram.com\/etspic83\/?hl=fr","https:\/\/www.linkedin.com\/in\/etablissements-pic-4712431bb\/?originalSubdomain=fr"]}]}},"_links":{"self":[{"href":"https:\/\/ets-pic.eu\/index.php\/wp-json\/wp\/v2\/pages\/5784","targetHints":{"allow":["GET"]}}],"collection":[{"href":"https:\/\/ets-pic.eu\/index.php\/wp-json\/wp\/v2\/pages"}],"about":[{"href":"https:\/\/ets-pic.eu\/index.php\/wp-json\/wp\/v2\/types\/page"}],"author":[{"embeddable":true,"href":"https:\/\/ets-pic.eu\/index.php\/wp-json\/wp\/v2\/users\/1"}],"replies":[{"embeddable":true,"href":"https:\/\/ets-pic.eu\/index.php\/wp-json\/wp\/v2\/comments?post=5784"}],"version-history":[{"count":5,"href":"https:\/\/ets-pic.eu\/index.php\/wp-json\/wp\/v2\/pages\/5784\/revisions"}],"predecessor-version":[{"id":6304,"href":"https:\/\/ets-pic.eu\/index.php\/wp-json\/wp\/v2\/pages\/5784\/revisions\/6304"}],"wp:attachment":[{"href":"https:\/\/ets-pic.eu\/index.php\/wp-json\/wp\/v2\/media?parent=5784"}],"curies":[{"name":"wp","href":"https:\/\/api.w.org\/{rel}","templated":true}]}}