{"id":5118,"date":"2025-02-26T10:31:17","date_gmt":"2025-02-26T09:31:17","guid":{"rendered":"https:\/\/ets-pic.eu\/?page_id=5118"},"modified":"2025-02-26T10:32:55","modified_gmt":"2025-02-26T09:32:55","slug":"pieces-detachees-2","status":"publish","type":"page","link":"https:\/\/ets-pic.eu\/index.php\/pieces-detachees-2\/","title":{"rendered":"Pi\u00e8ces d\u00e9tach\u00e9es"},"content":{"rendered":"\t\t<div data-elementor-type=\"wp-page\" data-elementor-id=\"5118\" class=\"elementor elementor-5118\" data-elementor-post-type=\"page\">\n\t\t\t\t<section class=\"elementor-element elementor-element-82e14f7 e-con-full e-flex e-con e-parent\" data-id=\"82e14f7\" data-element_type=\"container\" data-e-type=\"container\" data-settings=\"{&quot;background_background&quot;:&quot;classic&quot;}\">\n\t\t\t\t<div class=\"elementor-element elementor-element-8bf5842 elementor-invisible elementor-widget elementor-widget-heading\" data-id=\"8bf5842\" data-element_type=\"widget\" data-e-type=\"widget\" data-settings=\"{&quot;_animation&quot;:&quot;fadeInUp&quot;}\" data-widget_type=\"heading.default\">\n\t\t\t\t<div class=\"elementor-widget-container\">\n\t\t\t\t\t<h1 class=\"elementor-heading-title elementor-size-default\">Nos pi\u00e8ces d\u00e9tach\u00e9es<\/h1>\t\t\t\t<\/div>\n\t\t\t\t<\/div>\n\t\t\t\t<\/section>\n\t\t<div class=\"elementor-element elementor-element-befda4d e-grid e-con-full e-con e-parent\" data-id=\"befda4d\" data-element_type=\"container\" data-e-type=\"container\">\n\t\t\t\t<div class=\"elementor-element elementor-element-b9201d2 elementor-widget elementor-widget-image\" data-id=\"b9201d2\" data-element_type=\"widget\" data-e-type=\"widget\" data-widget_type=\"image.default\">\n\t\t\t\t<div class=\"elementor-widget-container\">\n\t\t\t\t\t\t\t\t\t\t\t\t\t\t\t<img fetchpriority=\"high\" decoding=\"async\" width=\"500\" height=\"500\" src=\"https:\/\/ets-pic.eu\/wp-content\/uploads\/2025\/02\/Design-sans-titre-2025-02-25T082211.724.png\" class=\"attachment-large size-large wp-image-5023\" alt=\"\" srcset=\"https:\/\/ets-pic.eu\/wp-content\/uploads\/2025\/02\/Design-sans-titre-2025-02-25T082211.724.png 500w, https:\/\/ets-pic.eu\/wp-content\/uploads\/2025\/02\/Design-sans-titre-2025-02-25T082211.724-300x300.png 300w, https:\/\/ets-pic.eu\/wp-content\/uploads\/2025\/02\/Design-sans-titre-2025-02-25T082211.724-150x150.png 150w\" sizes=\"(max-width: 500px) 100vw, 500px\" \/>\t\t\t\t\t\t\t\t\t\t\t\t\t\t\t<\/div>\n\t\t\t\t<\/div>\n\t\t\t\t<div class=\"elementor-element elementor-element-dd6a35b elementor-widget elementor-widget-text-editor\" data-id=\"dd6a35b\" data-element_type=\"widget\" data-e-type=\"widget\" data-widget_type=\"text-editor.default\">\n\t\t\t\t<div class=\"elementor-widget-container\">\n\t\t\t\t\t\t\t\t\t<p data-start=\"0\" data-end=\"367\">Chez Ets PIC, nous savons \u00e0 quel point il est <span style=\"color: #fab123;\">essentiel de disposer rapidement des pi\u00e8ces d\u00e9tach\u00e9es<\/span> adapt\u00e9es \u00e0 vos machines. C\u2019est pourquoi chacun de nos points de vente est \u00e9quip\u00e9 de son propre <span style=\"color: #fab123;\">magasin de pi\u00e8ces d\u00e9tach\u00e9es<\/span>, afin de garantir \u00e0 nos clients un service rapide et efficace.<\/p><p data-start=\"0\" data-end=\"367\">Nos magasins proposent une <span style=\"color: #fab123;\">s\u00e9lection compl\u00e8te de pi\u00e8ces d\u00e9tach\u00e9es<\/span> pour l\u2019ensemble des marques que nous distribuons : <strong data-start=\"595\" data-end=\"672\">Liebherr, Wacker Neuson, Hyster,<\/strong>\u00a0et bien d\u2019autres.<\/p><p data-start=\"0\" data-end=\"367\">Pour toute demande, <span style=\"color: #fab123;\">contactez le magasin le plus proche de chez vous<\/span> ou passez directement en agence. Nos \u00e9quipes sont l\u00e0 pour vous accompagner !<\/p>\t\t\t\t\t\t\t\t<\/div>\n\t\t\t\t<\/div>\n\t\t\t\t<\/div>\n\t\t\t\t<\/div>\n\t\t","protected":false},"excerpt":{"rendered":"<p>Nos pi\u00e8ces d\u00e9tach\u00e9es Chez Ets PIC, nous savons \u00e0 quel point il est essentiel de disposer rapidement des pi\u00e8ces d\u00e9tach\u00e9es adapt\u00e9es \u00e0 vos machines. C\u2019est pourquoi chacun de nos points de vente est \u00e9quip\u00e9 de son propre magasin de pi\u00e8ces d\u00e9tach\u00e9es, afin de garantir \u00e0 nos clients un service rapide et efficace. Nos magasins proposent [&hellip;]<\/p>\n","protected":false},"author":1,"featured_media":0,"parent":0,"menu_order":0,"comment_status":"closed","ping_status":"closed","template":"","meta":{"footnotes":""},"class_list":["post-5118","page","type-page","status-publish","hentry","entry"],"yoast_head":"<!-- This site is optimized with the Yoast SEO plugin v27.0 - https:\/\/yoast.com\/product\/yoast-seo-wordpress\/ -->\n<title>Pi\u00e8ces d\u00e9tach\u00e9es - ETS PIC<\/title>\n<meta name=\"robots\" content=\"index, follow, max-snippet:-1, max-image-preview:large, max-video-preview:-1\" \/>\n<link rel=\"canonical\" href=\"https:\/\/ets-pic.eu\/index.php\/pieces-detachees-2\/\" \/>\n<meta property=\"og:locale\" content=\"fr_FR\" \/>\n<meta property=\"og:type\" content=\"article\" \/>\n<meta property=\"og:title\" content=\"Pi\u00e8ces d\u00e9tach\u00e9es - ETS PIC\" \/>\n<meta property=\"og:description\" content=\"Nos pi\u00e8ces d\u00e9tach\u00e9es Chez Ets PIC, nous savons \u00e0 quel point il est essentiel de disposer rapidement des pi\u00e8ces d\u00e9tach\u00e9es adapt\u00e9es \u00e0 vos machines. C\u2019est pourquoi chacun de nos points de vente est \u00e9quip\u00e9 de son propre magasin de pi\u00e8ces d\u00e9tach\u00e9es, afin de garantir \u00e0 nos clients un service rapide et efficace. Nos magasins proposent [&hellip;]\" \/>\n<meta property=\"og:url\" content=\"https:\/\/ets-pic.eu\/index.php\/pieces-detachees-2\/\" \/>\n<meta property=\"og:site_name\" content=\"ETS PIC\" \/>\n<meta property=\"article:publisher\" content=\"https:\/\/www.facebook.com\/p\/tablissements-PIC-100083289425090\/\" \/>\n<meta property=\"article:modified_time\" content=\"2025-02-26T09:32:55+00:00\" \/>\n<meta property=\"og:image\" content=\"https:\/\/ets-pic.eu\/wp-content\/uploads\/2025\/02\/Design-sans-titre-2025-02-25T082211.724.png\" \/>\n\t<meta property=\"og:image:width\" content=\"500\" \/>\n\t<meta property=\"og:image:height\" content=\"500\" \/>\n\t<meta property=\"og:image:type\" content=\"image\/png\" \/>\n<meta name=\"twitter:card\" content=\"summary_large_image\" \/>\n<meta name=\"twitter:label1\" content=\"Dur\u00e9e de lecture estim\u00e9e\" \/>\n\t<meta name=\"twitter:data1\" content=\"1 minute\" \/>\n<script type=\"application\/ld+json\" class=\"yoast-schema-graph\">{\"@context\":\"https:\/\/schema.org\",\"@graph\":[{\"@type\":\"WebPage\",\"@id\":\"https:\/\/ets-pic.eu\/index.php\/pieces-detachees-2\/\",\"url\":\"https:\/\/ets-pic.eu\/index.php\/pieces-detachees-2\/\",\"name\":\"Pi\u00e8ces d\u00e9tach\u00e9es - ETS PIC\",\"isPartOf\":{\"@id\":\"https:\/\/ets-pic.eu\/#website\"},\"primaryImageOfPage\":{\"@id\":\"https:\/\/ets-pic.eu\/index.php\/pieces-detachees-2\/#primaryimage\"},\"image\":{\"@id\":\"https:\/\/ets-pic.eu\/index.php\/pieces-detachees-2\/#primaryimage\"},\"thumbnailUrl\":\"https:\/\/ets-pic.eu\/wp-content\/uploads\/2025\/02\/Design-sans-titre-2025-02-25T082211.724.png\",\"datePublished\":\"2025-02-26T09:31:17+00:00\",\"dateModified\":\"2025-02-26T09:32:55+00:00\",\"breadcrumb\":{\"@id\":\"https:\/\/ets-pic.eu\/index.php\/pieces-detachees-2\/#breadcrumb\"},\"inLanguage\":\"fr-FR\",\"potentialAction\":[{\"@type\":\"ReadAction\",\"target\":[\"https:\/\/ets-pic.eu\/index.php\/pieces-detachees-2\/\"]}]},{\"@type\":\"ImageObject\",\"inLanguage\":\"fr-FR\",\"@id\":\"https:\/\/ets-pic.eu\/index.php\/pieces-detachees-2\/#primaryimage\",\"url\":\"https:\/\/ets-pic.eu\/wp-content\/uploads\/2025\/02\/Design-sans-titre-2025-02-25T082211.724.png\",\"contentUrl\":\"https:\/\/ets-pic.eu\/wp-content\/uploads\/2025\/02\/Design-sans-titre-2025-02-25T082211.724.png\",\"width\":500,\"height\":500},{\"@type\":\"BreadcrumbList\",\"@id\":\"https:\/\/ets-pic.eu\/index.php\/pieces-detachees-2\/#breadcrumb\",\"itemListElement\":[{\"@type\":\"ListItem\",\"position\":1,\"name\":\"Accueil\",\"item\":\"https:\/\/ets-pic.eu\/\"},{\"@type\":\"ListItem\",\"position\":2,\"name\":\"Pi\u00e8ces d\u00e9tach\u00e9es\"}]},{\"@type\":\"WebSite\",\"@id\":\"https:\/\/ets-pic.eu\/#website\",\"url\":\"https:\/\/ets-pic.eu\/\",\"name\":\"ETS PIC\",\"description\":\"Un site utilisant WordPress\",\"publisher\":{\"@id\":\"https:\/\/ets-pic.eu\/#organization\"},\"potentialAction\":[{\"@type\":\"SearchAction\",\"target\":{\"@type\":\"EntryPoint\",\"urlTemplate\":\"https:\/\/ets-pic.eu\/?s={search_term_string}\"},\"query-input\":{\"@type\":\"PropertyValueSpecification\",\"valueRequired\":true,\"valueName\":\"search_term_string\"}}],\"inLanguage\":\"fr-FR\"},{\"@type\":\"Organization\",\"@id\":\"https:\/\/ets-pic.eu\/#organization\",\"name\":\"ETS PIC\",\"url\":\"https:\/\/ets-pic.eu\/\",\"logo\":{\"@type\":\"ImageObject\",\"inLanguage\":\"fr-FR\",\"@id\":\"https:\/\/ets-pic.eu\/#\/schema\/logo\/image\/\",\"url\":\"https:\/\/ets-pic.eu\/wp-content\/uploads\/2024\/11\/cropped-cropped-cartes-visite-pic-2-vmake.png\",\"contentUrl\":\"https:\/\/ets-pic.eu\/wp-content\/uploads\/2024\/11\/cropped-cropped-cartes-visite-pic-2-vmake.png\",\"width\":540,\"height\":210,\"caption\":\"ETS PIC\"},\"image\":{\"@id\":\"https:\/\/ets-pic.eu\/#\/schema\/logo\/image\/\"},\"sameAs\":[\"https:\/\/www.facebook.com\/p\/tablissements-PIC-100083289425090\/\",\"https:\/\/www.instagram.com\/etspic83\/?hl=fr\",\"https:\/\/www.linkedin.com\/in\/etablissements-pic-4712431bb\/?originalSubdomain=fr\"]}]}<\/script>\n<!-- \/ Yoast SEO plugin. -->","yoast_head_json":{"title":"Pi\u00e8ces d\u00e9tach\u00e9es - ETS PIC","robots":{"index":"index","follow":"follow","max-snippet":"max-snippet:-1","max-image-preview":"max-image-preview:large","max-video-preview":"max-video-preview:-1"},"canonical":"https:\/\/ets-pic.eu\/index.php\/pieces-detachees-2\/","og_locale":"fr_FR","og_type":"article","og_title":"Pi\u00e8ces d\u00e9tach\u00e9es - ETS PIC","og_description":"Nos pi\u00e8ces d\u00e9tach\u00e9es Chez Ets PIC, nous savons \u00e0 quel point il est essentiel de disposer rapidement des pi\u00e8ces d\u00e9tach\u00e9es adapt\u00e9es \u00e0 vos machines. C\u2019est pourquoi chacun de nos points de vente est \u00e9quip\u00e9 de son propre magasin de pi\u00e8ces d\u00e9tach\u00e9es, afin de garantir \u00e0 nos clients un service rapide et efficace. Nos magasins proposent [&hellip;]","og_url":"https:\/\/ets-pic.eu\/index.php\/pieces-detachees-2\/","og_site_name":"ETS PIC","article_publisher":"https:\/\/www.facebook.com\/p\/tablissements-PIC-100083289425090\/","article_modified_time":"2025-02-26T09:32:55+00:00","og_image":[{"width":500,"height":500,"url":"https:\/\/ets-pic.eu\/wp-content\/uploads\/2025\/02\/Design-sans-titre-2025-02-25T082211.724.png","type":"image\/png"}],"twitter_card":"summary_large_image","twitter_misc":{"Dur\u00e9e de lecture estim\u00e9e":"1 minute"},"schema":{"@context":"https:\/\/schema.org","@graph":[{"@type":"WebPage","@id":"https:\/\/ets-pic.eu\/index.php\/pieces-detachees-2\/","url":"https:\/\/ets-pic.eu\/index.php\/pieces-detachees-2\/","name":"Pi\u00e8ces d\u00e9tach\u00e9es - ETS PIC","isPartOf":{"@id":"https:\/\/ets-pic.eu\/#website"},"primaryImageOfPage":{"@id":"https:\/\/ets-pic.eu\/index.php\/pieces-detachees-2\/#primaryimage"},"image":{"@id":"https:\/\/ets-pic.eu\/index.php\/pieces-detachees-2\/#primaryimage"},"thumbnailUrl":"https:\/\/ets-pic.eu\/wp-content\/uploads\/2025\/02\/Design-sans-titre-2025-02-25T082211.724.png","datePublished":"2025-02-26T09:31:17+00:00","dateModified":"2025-02-26T09:32:55+00:00","breadcrumb":{"@id":"https:\/\/ets-pic.eu\/index.php\/pieces-detachees-2\/#breadcrumb"},"inLanguage":"fr-FR","potentialAction":[{"@type":"ReadAction","target":["https:\/\/ets-pic.eu\/index.php\/pieces-detachees-2\/"]}]},{"@type":"ImageObject","inLanguage":"fr-FR","@id":"https:\/\/ets-pic.eu\/index.php\/pieces-detachees-2\/#primaryimage","url":"https:\/\/ets-pic.eu\/wp-content\/uploads\/2025\/02\/Design-sans-titre-2025-02-25T082211.724.png","contentUrl":"https:\/\/ets-pic.eu\/wp-content\/uploads\/2025\/02\/Design-sans-titre-2025-02-25T082211.724.png","width":500,"height":500},{"@type":"BreadcrumbList","@id":"https:\/\/ets-pic.eu\/index.php\/pieces-detachees-2\/#breadcrumb","itemListElement":[{"@type":"ListItem","position":1,"name":"Accueil","item":"https:\/\/ets-pic.eu\/"},{"@type":"ListItem","position":2,"name":"Pi\u00e8ces d\u00e9tach\u00e9es"}]},{"@type":"WebSite","@id":"https:\/\/ets-pic.eu\/#website","url":"https:\/\/ets-pic.eu\/","name":"ETS PIC","description":"Un site utilisant WordPress","publisher":{"@id":"https:\/\/ets-pic.eu\/#organization"},"potentialAction":[{"@type":"SearchAction","target":{"@type":"EntryPoint","urlTemplate":"https:\/\/ets-pic.eu\/?s={search_term_string}"},"query-input":{"@type":"PropertyValueSpecification","valueRequired":true,"valueName":"search_term_string"}}],"inLanguage":"fr-FR"},{"@type":"Organization","@id":"https:\/\/ets-pic.eu\/#organization","name":"ETS PIC","url":"https:\/\/ets-pic.eu\/","logo":{"@type":"ImageObject","inLanguage":"fr-FR","@id":"https:\/\/ets-pic.eu\/#\/schema\/logo\/image\/","url":"https:\/\/ets-pic.eu\/wp-content\/uploads\/2024\/11\/cropped-cropped-cartes-visite-pic-2-vmake.png","contentUrl":"https:\/\/ets-pic.eu\/wp-content\/uploads\/2024\/11\/cropped-cropped-cartes-visite-pic-2-vmake.png","width":540,"height":210,"caption":"ETS PIC"},"image":{"@id":"https:\/\/ets-pic.eu\/#\/schema\/logo\/image\/"},"sameAs":["https:\/\/www.facebook.com\/p\/tablissements-PIC-100083289425090\/","https:\/\/www.instagram.com\/etspic83\/?hl=fr","https:\/\/www.linkedin.com\/in\/etablissements-pic-4712431bb\/?originalSubdomain=fr"]}]}},"_links":{"self":[{"href":"https:\/\/ets-pic.eu\/index.php\/wp-json\/wp\/v2\/pages\/5118","targetHints":{"allow":["GET"]}}],"collection":[{"href":"https:\/\/ets-pic.eu\/index.php\/wp-json\/wp\/v2\/pages"}],"about":[{"href":"https:\/\/ets-pic.eu\/index.php\/wp-json\/wp\/v2\/types\/page"}],"author":[{"embeddable":true,"href":"https:\/\/ets-pic.eu\/index.php\/wp-json\/wp\/v2\/users\/1"}],"replies":[{"embeddable":true,"href":"https:\/\/ets-pic.eu\/index.php\/wp-json\/wp\/v2\/comments?post=5118"}],"version-history":[{"count":4,"href":"https:\/\/ets-pic.eu\/index.php\/wp-json\/wp\/v2\/pages\/5118\/revisions"}],"predecessor-version":[{"id":5122,"href":"https:\/\/ets-pic.eu\/index.php\/wp-json\/wp\/v2\/pages\/5118\/revisions\/5122"}],"wp:attachment":[{"href":"https:\/\/ets-pic.eu\/index.php\/wp-json\/wp\/v2\/media?parent=5118"}],"curies":[{"name":"wp","href":"https:\/\/api.w.org\/{rel}","templated":true}]}}